{"id":95,"date":"2012-05-11T18:27:36","date_gmt":"2012-05-11T18:27:36","guid":{"rendered":"http:\/\/public.mediasimple.ca\/remax_papachristou\/?page_id=95"},"modified":"2021-05-05T10:43:49","modified_gmt":"2021-05-05T14:43:49","slug":"des-outils-pour-le-financement","status":"publish","type":"page","link":"https:\/\/annaestephan.com\/en\/acheter-2\/des-outils-pour-le-financement\/","title":{"rendered":"Financial Tools"},"content":{"rendered":"<p><\/p>\n<h2>Financing tools for the purchase of your first property<\/h2>\n<p>There are many tools available to help you evaluate your financial situation and make your dream of becoming a homeowner a reality.<\/p>\n<h2>Borrowing Capacity and Preauthorized Mortgages<\/h2>\n<p>When you start looking for a property, it&#8217;s in your best interest to determine your borrowing capacity. That way, you know what type of property to lean towards during your search. One approach is to get a preauthorized mortgage before even finding your property. Thanks to a preauthorized mortgage, you already know how much money you can borrow, your interest rate and the amount of each payment. You will be able to find a property that matches your means.<\/p>\n<h2>Mortgage Loan Insurance<\/h2>\n<p><strong>You dream of buying property<\/strong> but you don&#8217;t have enough for a down payment? Not a problem! Mortgage loan insurance can help make your dream a reality. In general, <strong>lenders require you to get mortgage loan insurance<\/strong> when you have put down less than 20% of the property&#8217;s sale price.<\/p>\n<p>Mortgage loan insurance is applicable to various new or existing properties. Also, bear in mind that a modest down payment means a higher mortgage payment and in the end, a greater total cost. In Canada, mortgage loan insurance is available through Canada Mortgage and Housing Corporation (CMHC) and Genworth Financial Canada.<\/p>\n<h2>The Home Buyer&#8217;s Plan<\/h2>\n<p>The <strong>Home Buyer&#8217;s Plan<\/strong> is a government program that allows buyers to withdraw money from their RRSP, without paying tax on withdrawal, in order to purchase a home. Funds withdrawn must be paid back into the RRSP within a fixed time limit.<\/p>\n<p>To qualify, neither you nor your spouse may have owned a home that was used as a principal place of residence during the five years prior to your withdrawal request. In addition, you must have entered into a written agreement for the purchase or construction of a property (promise to purchase or preliminary contract) before being able to withdraw funds from your RRSP. For more information about eligibility conditions, contact the Canada Revenue Agency or your financial institution.<\/p>\n<p>SOURCE : <a title=\"http:\/\/www.CENTRIS.CA\" href=\"http:\/\/www.CENTRIS.CA\" target=\"_blank\" rel=\"noopener noreferrer\">CENTRIS.CA<\/a><\/p>\n<div id=\"gtx-trans\" style=\"position: absolute; left: 765px; top: 403.438px;\">\n<div class=\"gtx-trans-icon\">\u00a0<\/div>\n<\/div>\n<p><\/p>","protected":false},"excerpt":{"rendered":"<p>Financing tools for the purchase of your first property There are many tools available to help you evaluate your financial situation and make your dream of becoming a homeowner a reality. Borrowing Capacity and Preauthorized Mortgages When you start looking for a property, it&#8217;s in your best interest to determine your borrowing capacity. That way, [&hellip;]<\/p>\n","protected":false},"author":1,"featured_media":0,"parent":7,"menu_order":0,"comment_status":"open","ping_status":"open","template":"","meta":{"_acf_changed":false,"footnotes":""},"class_list":["post-95","page","type-page","status-publish","hentry"],"acf":[],"yoast_head":"<!-- This site is optimized with the Yoast SEO plugin v26.7 - https:\/\/yoast.com\/wordpress\/plugins\/seo\/ -->\n<title>Acheter un maison | Outils de financement | Anna Estephan<\/title>\n<meta name=\"description\" content=\"D\u00e9couvrez les principaux outils pour financer l\u2019achat de votre premi\u00e8re propri\u00e9t\u00e9. Appelez Anna Estephan pour en discuter : 514-292-2311.\" \/>\n<meta name=\"robots\" content=\"index, follow, max-snippet:-1, max-image-preview:large, max-video-preview:-1\" \/>\n<link rel=\"canonical\" href=\"https:\/\/annaestephan.com\/acheter-2\/des-outils-pour-le-financement\/\" \/>\n<meta property=\"og:locale\" content=\"en_US\" \/>\n<meta property=\"og:type\" content=\"article\" \/>\n<meta property=\"og:title\" content=\"Acheter un maison | Outils de financement | Anna Estephan\" \/>\n<meta property=\"og:description\" content=\"D\u00e9couvrez les principaux outils pour financer l\u2019achat de votre premi\u00e8re propri\u00e9t\u00e9. Appelez Anna Estephan pour en discuter : 514-292-2311.\" \/>\n<meta property=\"og:url\" content=\"https:\/\/annaestephan.com\/acheter-2\/des-outils-pour-le-financement\/\" \/>\n<meta property=\"og:site_name\" content=\"Anna Estephan - Real Estate Agency\" \/>\n<meta property=\"article:publisher\" content=\"https:\/\/www.facebook.com\/annaestephancourtier\/\" \/>\n<meta property=\"article:modified_time\" content=\"2021-05-05T14:43:49+00:00\" \/>\n<meta name=\"twitter:card\" content=\"summary_large_image\" \/>\n<meta name=\"twitter:label1\" content=\"Est. reading time\" \/>\n\t<meta name=\"twitter:data1\" content=\"4 minutes\" \/>\n<script type=\"application\/ld+json\" class=\"yoast-schema-graph\">{\"@context\":\"https:\/\/schema.org\",\"@graph\":[{\"@type\":\"WebPage\",\"@id\":\"https:\/\/annaestephan.com\/acheter-2\/des-outils-pour-le-financement\/\",\"url\":\"https:\/\/annaestephan.com\/acheter-2\/des-outils-pour-le-financement\/\",\"name\":\"Acheter un maison | Outils de financement | Anna Estephan\",\"isPartOf\":{\"@id\":\"https:\/\/annaestephan.com\/#website\"},\"datePublished\":\"2012-05-11T18:27:36+00:00\",\"dateModified\":\"2021-05-05T14:43:49+00:00\",\"description\":\"D\u00e9couvrez les principaux outils pour financer l\u2019achat de votre premi\u00e8re propri\u00e9t\u00e9. Appelez Anna Estephan pour en discuter : 514-292-2311.\",\"breadcrumb\":{\"@id\":\"https:\/\/annaestephan.com\/acheter-2\/des-outils-pour-le-financement\/#breadcrumb\"},\"inLanguage\":\"en-US\",\"potentialAction\":[{\"@type\":\"ReadAction\",\"target\":[\"https:\/\/annaestephan.com\/acheter-2\/des-outils-pour-le-financement\/\"]}]},{\"@type\":\"BreadcrumbList\",\"@id\":\"https:\/\/annaestephan.com\/acheter-2\/des-outils-pour-le-financement\/#breadcrumb\",\"itemListElement\":[{\"@type\":\"ListItem\",\"position\":1,\"name\":\"Accueil\",\"item\":\"https:\/\/annaestephan.com\/\"},{\"@type\":\"ListItem\",\"position\":2,\"name\":\"Acheter\",\"item\":\"https:\/\/annaestephan.com\/acheter-2\/\"},{\"@type\":\"ListItem\",\"position\":3,\"name\":\"Des outils pour le financement\"}]},{\"@type\":\"WebSite\",\"@id\":\"https:\/\/annaestephan.com\/#website\",\"url\":\"https:\/\/annaestephan.com\/\",\"name\":\"Anna Estephan - Real Estate Agency\",\"description\":\"Real Estate Brokers\",\"publisher\":{\"@id\":\"https:\/\/annaestephan.com\/#organization\"},\"potentialAction\":[{\"@type\":\"SearchAction\",\"target\":{\"@type\":\"EntryPoint\",\"urlTemplate\":\"https:\/\/annaestephan.com\/?s={search_term_string}\"},\"query-input\":{\"@type\":\"PropertyValueSpecification\",\"valueRequired\":true,\"valueName\":\"search_term_string\"}}],\"inLanguage\":\"en-US\"},{\"@type\":\"Organization\",\"@id\":\"https:\/\/annaestephan.com\/#organization\",\"name\":\"Agence immobili\u00e8re Anna Estephan \/ Anna Estephan Real Estate Agency\",\"url\":\"https:\/\/annaestephan.com\/\",\"logo\":{\"@type\":\"ImageObject\",\"inLanguage\":\"en-US\",\"@id\":\"https:\/\/annaestephan.com\/#\/schema\/logo\/image\/\",\"url\":\"https:\/\/annaestephan.com\/files\/2023\/07\/anna-estephan-agence-immobiliere-Real-Estate-Agency.jpg\",\"contentUrl\":\"https:\/\/annaestephan.com\/files\/2023\/07\/anna-estephan-agence-immobiliere-Real-Estate-Agency.jpg\",\"width\":851,\"height\":315,\"caption\":\"Agence immobili\u00e8re Anna Estephan \/ Anna Estephan Real Estate Agency\"},\"image\":{\"@id\":\"https:\/\/annaestephan.com\/#\/schema\/logo\/image\/\"},\"sameAs\":[\"https:\/\/www.facebook.com\/annaestephancourtier\/\",\"https:\/\/www.linkedin.com\/in\/anna-estephan-9326b831\/?locale=fr_FR\"]}]}<\/script>\n<!-- \/ Yoast SEO plugin. -->","yoast_head_json":{"title":"Acheter un maison | Outils de financement | Anna Estephan","description":"D\u00e9couvrez les principaux outils pour financer l\u2019achat de votre premi\u00e8re propri\u00e9t\u00e9. Appelez Anna Estephan pour en discuter : 514-292-2311.","robots":{"index":"index","follow":"follow","max-snippet":"max-snippet:-1","max-image-preview":"max-image-preview:large","max-video-preview":"max-video-preview:-1"},"canonical":"https:\/\/annaestephan.com\/acheter-2\/des-outils-pour-le-financement\/","og_locale":"en_US","og_type":"article","og_title":"Acheter un maison | Outils de financement | Anna Estephan","og_description":"D\u00e9couvrez les principaux outils pour financer l\u2019achat de votre premi\u00e8re propri\u00e9t\u00e9. Appelez Anna Estephan pour en discuter : 514-292-2311.","og_url":"https:\/\/annaestephan.com\/acheter-2\/des-outils-pour-le-financement\/","og_site_name":"Anna Estephan - Real Estate Agency","article_publisher":"https:\/\/www.facebook.com\/annaestephancourtier\/","article_modified_time":"2021-05-05T14:43:49+00:00","twitter_card":"summary_large_image","twitter_misc":{"Est. reading time":"4 minutes"},"schema":{"@context":"https:\/\/schema.org","@graph":[{"@type":"WebPage","@id":"https:\/\/annaestephan.com\/acheter-2\/des-outils-pour-le-financement\/","url":"https:\/\/annaestephan.com\/acheter-2\/des-outils-pour-le-financement\/","name":"Acheter un maison | Outils de financement | Anna Estephan","isPartOf":{"@id":"https:\/\/annaestephan.com\/#website"},"datePublished":"2012-05-11T18:27:36+00:00","dateModified":"2021-05-05T14:43:49+00:00","description":"D\u00e9couvrez les principaux outils pour financer l\u2019achat de votre premi\u00e8re propri\u00e9t\u00e9. Appelez Anna Estephan pour en discuter : 514-292-2311.","breadcrumb":{"@id":"https:\/\/annaestephan.com\/acheter-2\/des-outils-pour-le-financement\/#breadcrumb"},"inLanguage":"en-US","potentialAction":[{"@type":"ReadAction","target":["https:\/\/annaestephan.com\/acheter-2\/des-outils-pour-le-financement\/"]}]},{"@type":"BreadcrumbList","@id":"https:\/\/annaestephan.com\/acheter-2\/des-outils-pour-le-financement\/#breadcrumb","itemListElement":[{"@type":"ListItem","position":1,"name":"Accueil","item":"https:\/\/annaestephan.com\/"},{"@type":"ListItem","position":2,"name":"Acheter","item":"https:\/\/annaestephan.com\/acheter-2\/"},{"@type":"ListItem","position":3,"name":"Des outils pour le financement"}]},{"@type":"WebSite","@id":"https:\/\/annaestephan.com\/#website","url":"https:\/\/annaestephan.com\/","name":"Anna Estephan - Real Estate Agency","description":"Real Estate Brokers","publisher":{"@id":"https:\/\/annaestephan.com\/#organization"},"potentialAction":[{"@type":"SearchAction","target":{"@type":"EntryPoint","urlTemplate":"https:\/\/annaestephan.com\/?s={search_term_string}"},"query-input":{"@type":"PropertyValueSpecification","valueRequired":true,"valueName":"search_term_string"}}],"inLanguage":"en-US"},{"@type":"Organization","@id":"https:\/\/annaestephan.com\/#organization","name":"Agence immobili\u00e8re Anna Estephan \/ Anna Estephan Real Estate Agency","url":"https:\/\/annaestephan.com\/","logo":{"@type":"ImageObject","inLanguage":"en-US","@id":"https:\/\/annaestephan.com\/#\/schema\/logo\/image\/","url":"https:\/\/annaestephan.com\/files\/2023\/07\/anna-estephan-agence-immobiliere-Real-Estate-Agency.jpg","contentUrl":"https:\/\/annaestephan.com\/files\/2023\/07\/anna-estephan-agence-immobiliere-Real-Estate-Agency.jpg","width":851,"height":315,"caption":"Agence immobili\u00e8re Anna Estephan \/ Anna Estephan Real Estate Agency"},"image":{"@id":"https:\/\/annaestephan.com\/#\/schema\/logo\/image\/"},"sameAs":["https:\/\/www.facebook.com\/annaestephancourtier\/","https:\/\/www.linkedin.com\/in\/anna-estephan-9326b831\/?locale=fr_FR"]}]}},"_links":{"self":[{"href":"https:\/\/annaestephan.com\/en\/wp-json\/wp\/v2\/pages\/95","targetHints":{"allow":["GET"]}}],"collection":[{"href":"https:\/\/annaestephan.com\/en\/wp-json\/wp\/v2\/pages"}],"about":[{"href":"https:\/\/annaestephan.com\/en\/wp-json\/wp\/v2\/types\/page"}],"author":[{"embeddable":true,"href":"https:\/\/annaestephan.com\/en\/wp-json\/wp\/v2\/users\/1"}],"replies":[{"embeddable":true,"href":"https:\/\/annaestephan.com\/en\/wp-json\/wp\/v2\/comments?post=95"}],"version-history":[{"count":2,"href":"https:\/\/annaestephan.com\/en\/wp-json\/wp\/v2\/pages\/95\/revisions"}],"predecessor-version":[{"id":808,"href":"https:\/\/annaestephan.com\/en\/wp-json\/wp\/v2\/pages\/95\/revisions\/808"}],"up":[{"embeddable":true,"href":"https:\/\/annaestephan.com\/en\/wp-json\/wp\/v2\/pages\/7"}],"wp:attachment":[{"href":"https:\/\/annaestephan.com\/en\/wp-json\/wp\/v2\/media?parent=95"}],"curies":[{"name":"wp","href":"https:\/\/api.w.org\/{rel}","templated":true}]}}