{"id":106,"date":"2012-05-11T18:59:07","date_gmt":"2012-05-11T18:59:07","guid":{"rendered":"http:\/\/public.mediasimple.ca\/remax_papachristou\/?page_id=106"},"modified":"2021-05-05T22:11:49","modified_gmt":"2021-05-06T02:11:49","slug":"avec-un-courtier-immobilier-vous-etes-bien-protege-2","status":"publish","type":"page","link":"https:\/\/annaestephan.com\/en\/acheter-2\/avec-un-courtier-immobilier-vous-etes-bien-protege-2\/","title":{"rendered":"Protection You Can Count On!"},"content":{"rendered":"<p><\/p>\n<h2><strong>Doing business with a real estate broker means that you are protected by the law. <\/strong><\/h2>\n<p>The <strong>Real Estate Brokerage Act<\/strong> and various other organizations regulate the real estate broker profession so that consumers can expect fair and competent services. So, you know that you&#8217;ll be served by a highly qualified and well-trained professional.<\/p>\n<h2>Real Estate Brokerage Act<\/h2>\n<p>The main goal of the <strong>Real Estate Brokerage Act<\/strong> is to protect the public. To enforce this, the Act sets out specific rules relating to the brokerage contract for the sale of a house. They are similar to several of the regulations found in the Consumer Protection Act.<\/p>\n<h2>Organisme d&#8217;autor\u00e9glementation du courtage immobilier du Qu\u00e9bec<\/h2>\n<p>Created by the <strong>Real Estate Brokerage Act<\/strong>, the <strong>Organisme d&#8217;autor\u00e9glementation du courtage immobilier du Qu\u00e9bec (OACIQ)<\/strong> is mandated to protect the public by regulating the professional activities of all real estate brokers. It is responsible for administering the exam that leads to the practice certificate and it ensures that its members carry out their activities in compliance with current laws and regulations. For more information, visit\u00a0<a href=\"http:\/\/www.oaciq.com\/?uc=0\" target=\"_blank\" rel=\"noopener noreferrer\">www.oaciq.com<\/a>.<\/p>\n<h2>The Real Estate Indemnity Fund (FICI)<\/h2>\n<p>Each broker contributes to the\u00a0<strong>The Real Estate Indemnity Fund<\/strong>. The Fonds d&#8217;indemnisation du courtage immobilier has the authority to compensate a consumer in the event that a problem arises during a transaction whether it relates to fraud, a dishonest transaction or the misappropriation of funds or other property. For more information, go to <a href=\"http:\/\/www.indemnisation.org\/en\/index.shtml?uc=0\" target=\"_blank\" rel=\"noopener noreferrer\">www.indemnisation.org<\/a>.<\/p>\n<h2>Professional Liability Insurance<\/h2>\n<p><strong> Real estate brokers must hold professional liability insurance<\/strong>, which ensures that consumers have additional financial protection in cases of fault, error, negligence or omission. This insurance covers civil claims and civil proceedings.<\/p>\n<p>SOURCE : <a title=\"http:\/\/www.CENTRIS.CA\" href=\"http:\/\/www.CENTRIS.CA\" target=\"_blank\" rel=\"noopener noreferrer\">CENTRIS.CA<\/a><\/p>\n<p><\/p>","protected":false},"excerpt":{"rendered":"<p>Doing business with a real estate broker means that you are protected by the law. The Real Estate Brokerage Act and various other organizations regulate the real estate broker profession so that consumers can expect fair and competent services. So, you know that you&#8217;ll be served by a highly qualified and well-trained professional. Real Estate [&hellip;]<\/p>\n","protected":false},"author":1,"featured_media":0,"parent":7,"menu_order":0,"comment_status":"open","ping_status":"open","template":"","meta":{"_acf_changed":false,"footnotes":""},"class_list":["post-106","page","type-page","status-publish","hentry"],"acf":[],"yoast_head":"<!-- This site is optimized with the Yoast SEO plugin v26.7 - https:\/\/yoast.com\/wordpress\/plugins\/seo\/ -->\n<title>Loi sur le courtage immobilier | Soyez prot\u00e9g\u00e9s!<\/title>\n<meta name=\"description\" content=\"Prot\u00e9gez l&#039;achat de votre maison ou de votre condo avec un courtier immobilier agr\u00e9\u00e9 de l\u2019Agence immobili\u00e8re Anna Estephan. Appelez-nous au: 514-292-2311.\" \/>\n<meta name=\"robots\" content=\"index, follow, max-snippet:-1, max-image-preview:large, max-video-preview:-1\" \/>\n<link rel=\"canonical\" href=\"https:\/\/annaestephan.com\/acheter-2\/avec-un-courtier-immobilier-vous-etes-bien-protege-2\/\" \/>\n<meta property=\"og:locale\" content=\"en_US\" \/>\n<meta property=\"og:type\" content=\"article\" \/>\n<meta property=\"og:title\" content=\"Loi sur le courtage immobilier | Soyez prot\u00e9g\u00e9s!\" \/>\n<meta property=\"og:description\" content=\"Prot\u00e9gez l&#039;achat de votre maison ou de votre condo avec un courtier immobilier agr\u00e9\u00e9 de l\u2019Agence immobili\u00e8re Anna Estephan. Appelez-nous au: 514-292-2311.\" \/>\n<meta property=\"og:url\" content=\"https:\/\/annaestephan.com\/acheter-2\/avec-un-courtier-immobilier-vous-etes-bien-protege-2\/\" \/>\n<meta property=\"og:site_name\" content=\"Anna Estephan - Real Estate Agency\" \/>\n<meta property=\"article:publisher\" content=\"https:\/\/www.facebook.com\/annaestephancourtier\/\" \/>\n<meta property=\"article:modified_time\" content=\"2021-05-06T02:11:49+00:00\" \/>\n<meta name=\"twitter:card\" content=\"summary_large_image\" \/>\n<meta name=\"twitter:label1\" content=\"Est. reading time\" \/>\n\t<meta name=\"twitter:data1\" content=\"3 minutes\" \/>\n<script type=\"application\/ld+json\" class=\"yoast-schema-graph\">{\"@context\":\"https:\/\/schema.org\",\"@graph\":[{\"@type\":\"WebPage\",\"@id\":\"https:\/\/annaestephan.com\/acheter-2\/avec-un-courtier-immobilier-vous-etes-bien-protege-2\/\",\"url\":\"https:\/\/annaestephan.com\/acheter-2\/avec-un-courtier-immobilier-vous-etes-bien-protege-2\/\",\"name\":\"Loi sur le courtage immobilier | Soyez prot\u00e9g\u00e9s!\",\"isPartOf\":{\"@id\":\"https:\/\/annaestephan.com\/#website\"},\"datePublished\":\"2012-05-11T18:59:07+00:00\",\"dateModified\":\"2021-05-06T02:11:49+00:00\",\"description\":\"Prot\u00e9gez l'achat de votre maison ou de votre condo avec un courtier immobilier agr\u00e9\u00e9 de l\u2019Agence immobili\u00e8re Anna Estephan. Appelez-nous au: 514-292-2311.\",\"breadcrumb\":{\"@id\":\"https:\/\/annaestephan.com\/acheter-2\/avec-un-courtier-immobilier-vous-etes-bien-protege-2\/#breadcrumb\"},\"inLanguage\":\"en-US\",\"potentialAction\":[{\"@type\":\"ReadAction\",\"target\":[\"https:\/\/annaestephan.com\/acheter-2\/avec-un-courtier-immobilier-vous-etes-bien-protege-2\/\"]}]},{\"@type\":\"BreadcrumbList\",\"@id\":\"https:\/\/annaestephan.com\/acheter-2\/avec-un-courtier-immobilier-vous-etes-bien-protege-2\/#breadcrumb\",\"itemListElement\":[{\"@type\":\"ListItem\",\"position\":1,\"name\":\"Accueil\",\"item\":\"https:\/\/annaestephan.com\/\"},{\"@type\":\"ListItem\",\"position\":2,\"name\":\"Acheter\",\"item\":\"https:\/\/annaestephan.com\/acheter-2\/\"},{\"@type\":\"ListItem\",\"position\":3,\"name\":\"Avec un courtier immobilier, vous \u00eates bien prot\u00e9g\u00e9s!\"}]},{\"@type\":\"WebSite\",\"@id\":\"https:\/\/annaestephan.com\/#website\",\"url\":\"https:\/\/annaestephan.com\/\",\"name\":\"Anna Estephan - Real Estate Agency\",\"description\":\"Real Estate Brokers\",\"publisher\":{\"@id\":\"https:\/\/annaestephan.com\/#organization\"},\"potentialAction\":[{\"@type\":\"SearchAction\",\"target\":{\"@type\":\"EntryPoint\",\"urlTemplate\":\"https:\/\/annaestephan.com\/?s={search_term_string}\"},\"query-input\":{\"@type\":\"PropertyValueSpecification\",\"valueRequired\":true,\"valueName\":\"search_term_string\"}}],\"inLanguage\":\"en-US\"},{\"@type\":\"Organization\",\"@id\":\"https:\/\/annaestephan.com\/#organization\",\"name\":\"Agence immobili\u00e8re Anna Estephan \/ Anna Estephan Real Estate Agency\",\"url\":\"https:\/\/annaestephan.com\/\",\"logo\":{\"@type\":\"ImageObject\",\"inLanguage\":\"en-US\",\"@id\":\"https:\/\/annaestephan.com\/#\/schema\/logo\/image\/\",\"url\":\"https:\/\/annaestephan.com\/files\/2023\/07\/anna-estephan-agence-immobiliere-Real-Estate-Agency.jpg\",\"contentUrl\":\"https:\/\/annaestephan.com\/files\/2023\/07\/anna-estephan-agence-immobiliere-Real-Estate-Agency.jpg\",\"width\":851,\"height\":315,\"caption\":\"Agence immobili\u00e8re Anna Estephan \/ Anna Estephan Real Estate Agency\"},\"image\":{\"@id\":\"https:\/\/annaestephan.com\/#\/schema\/logo\/image\/\"},\"sameAs\":[\"https:\/\/www.facebook.com\/annaestephancourtier\/\",\"https:\/\/www.linkedin.com\/in\/anna-estephan-9326b831\/?locale=fr_FR\"]}]}<\/script>\n<!-- \/ Yoast SEO plugin. -->","yoast_head_json":{"title":"Loi sur le courtage immobilier | Soyez prot\u00e9g\u00e9s!","description":"Prot\u00e9gez l'achat de votre maison ou de votre condo avec un courtier immobilier agr\u00e9\u00e9 de l\u2019Agence immobili\u00e8re Anna Estephan. Appelez-nous au: 514-292-2311.","robots":{"index":"index","follow":"follow","max-snippet":"max-snippet:-1","max-image-preview":"max-image-preview:large","max-video-preview":"max-video-preview:-1"},"canonical":"https:\/\/annaestephan.com\/acheter-2\/avec-un-courtier-immobilier-vous-etes-bien-protege-2\/","og_locale":"en_US","og_type":"article","og_title":"Loi sur le courtage immobilier | Soyez prot\u00e9g\u00e9s!","og_description":"Prot\u00e9gez l'achat de votre maison ou de votre condo avec un courtier immobilier agr\u00e9\u00e9 de l\u2019Agence immobili\u00e8re Anna Estephan. Appelez-nous au: 514-292-2311.","og_url":"https:\/\/annaestephan.com\/acheter-2\/avec-un-courtier-immobilier-vous-etes-bien-protege-2\/","og_site_name":"Anna Estephan - Real Estate Agency","article_publisher":"https:\/\/www.facebook.com\/annaestephancourtier\/","article_modified_time":"2021-05-06T02:11:49+00:00","twitter_card":"summary_large_image","twitter_misc":{"Est. reading time":"3 minutes"},"schema":{"@context":"https:\/\/schema.org","@graph":[{"@type":"WebPage","@id":"https:\/\/annaestephan.com\/acheter-2\/avec-un-courtier-immobilier-vous-etes-bien-protege-2\/","url":"https:\/\/annaestephan.com\/acheter-2\/avec-un-courtier-immobilier-vous-etes-bien-protege-2\/","name":"Loi sur le courtage immobilier | Soyez prot\u00e9g\u00e9s!","isPartOf":{"@id":"https:\/\/annaestephan.com\/#website"},"datePublished":"2012-05-11T18:59:07+00:00","dateModified":"2021-05-06T02:11:49+00:00","description":"Prot\u00e9gez l'achat de votre maison ou de votre condo avec un courtier immobilier agr\u00e9\u00e9 de l\u2019Agence immobili\u00e8re Anna Estephan. Appelez-nous au: 514-292-2311.","breadcrumb":{"@id":"https:\/\/annaestephan.com\/acheter-2\/avec-un-courtier-immobilier-vous-etes-bien-protege-2\/#breadcrumb"},"inLanguage":"en-US","potentialAction":[{"@type":"ReadAction","target":["https:\/\/annaestephan.com\/acheter-2\/avec-un-courtier-immobilier-vous-etes-bien-protege-2\/"]}]},{"@type":"BreadcrumbList","@id":"https:\/\/annaestephan.com\/acheter-2\/avec-un-courtier-immobilier-vous-etes-bien-protege-2\/#breadcrumb","itemListElement":[{"@type":"ListItem","position":1,"name":"Accueil","item":"https:\/\/annaestephan.com\/"},{"@type":"ListItem","position":2,"name":"Acheter","item":"https:\/\/annaestephan.com\/acheter-2\/"},{"@type":"ListItem","position":3,"name":"Avec un courtier immobilier, vous \u00eates bien prot\u00e9g\u00e9s!"}]},{"@type":"WebSite","@id":"https:\/\/annaestephan.com\/#website","url":"https:\/\/annaestephan.com\/","name":"Anna Estephan - Real Estate Agency","description":"Real Estate Brokers","publisher":{"@id":"https:\/\/annaestephan.com\/#organization"},"potentialAction":[{"@type":"SearchAction","target":{"@type":"EntryPoint","urlTemplate":"https:\/\/annaestephan.com\/?s={search_term_string}"},"query-input":{"@type":"PropertyValueSpecification","valueRequired":true,"valueName":"search_term_string"}}],"inLanguage":"en-US"},{"@type":"Organization","@id":"https:\/\/annaestephan.com\/#organization","name":"Agence immobili\u00e8re Anna Estephan \/ Anna Estephan Real Estate Agency","url":"https:\/\/annaestephan.com\/","logo":{"@type":"ImageObject","inLanguage":"en-US","@id":"https:\/\/annaestephan.com\/#\/schema\/logo\/image\/","url":"https:\/\/annaestephan.com\/files\/2023\/07\/anna-estephan-agence-immobiliere-Real-Estate-Agency.jpg","contentUrl":"https:\/\/annaestephan.com\/files\/2023\/07\/anna-estephan-agence-immobiliere-Real-Estate-Agency.jpg","width":851,"height":315,"caption":"Agence immobili\u00e8re Anna Estephan \/ Anna Estephan Real Estate Agency"},"image":{"@id":"https:\/\/annaestephan.com\/#\/schema\/logo\/image\/"},"sameAs":["https:\/\/www.facebook.com\/annaestephancourtier\/","https:\/\/www.linkedin.com\/in\/anna-estephan-9326b831\/?locale=fr_FR"]}]}},"_links":{"self":[{"href":"https:\/\/annaestephan.com\/en\/wp-json\/wp\/v2\/pages\/106","targetHints":{"allow":["GET"]}}],"collection":[{"href":"https:\/\/annaestephan.com\/en\/wp-json\/wp\/v2\/pages"}],"about":[{"href":"https:\/\/annaestephan.com\/en\/wp-json\/wp\/v2\/types\/page"}],"author":[{"embeddable":true,"href":"https:\/\/annaestephan.com\/en\/wp-json\/wp\/v2\/users\/1"}],"replies":[{"embeddable":true,"href":"https:\/\/annaestephan.com\/en\/wp-json\/wp\/v2\/comments?post=106"}],"version-history":[{"count":3,"href":"https:\/\/annaestephan.com\/en\/wp-json\/wp\/v2\/pages\/106\/revisions"}],"predecessor-version":[{"id":806,"href":"https:\/\/annaestephan.com\/en\/wp-json\/wp\/v2\/pages\/106\/revisions\/806"}],"up":[{"embeddable":true,"href":"https:\/\/annaestephan.com\/en\/wp-json\/wp\/v2\/pages\/7"}],"wp:attachment":[{"href":"https:\/\/annaestephan.com\/en\/wp-json\/wp\/v2\/media?parent=106"}],"curies":[{"name":"wp","href":"https:\/\/api.w.org\/{rel}","templated":true}]}}